{"id":287,"date":"2022-09-26T18:20:03","date_gmt":"2022-09-26T18:20:03","guid":{"rendered":"https:\/\/change-force.de\/?page_id=287"},"modified":"2022-10-25T17:16:57","modified_gmt":"2022-10-25T17:16:57","slug":"imprint","status":"publish","type":"page","link":"https:\/\/change-force.de\/en\/imprint\/","title":{"rendered":"Imprint"},"content":{"rendered":"<p>[vc_row][vc_column width=&#8221;1\/2&#8243;][vc_column_text]<strong>Legal notice<\/strong><br \/>\nchangeforce GmbH<br \/>\nFranz-B\u00f6hm-Stra\u00dfe 3<br \/>\n40789 Monheim am Rhein<br \/>\nGermany<\/p>\n<p><strong>Head office<\/strong><br \/>\n<a href=\"http:\/\/+49 15222623562\">+49 15222623562<\/a><\/p>\n<p><strong>E-mail<\/strong><br \/>\n<a href=\"mailto:info@change-force.de\">info@change-force.de<\/a><\/p>\n<p><strong>Managing director<\/strong><b><br \/>\n<\/b>Dr. Christian Hors<a name=\"_Hlk488789083\"><\/a>tmann<\/p>\n<p><strong>District Court<\/strong><b><br \/>\n<\/b>Amtsgericht K\u00f6ln<\/p>\n<p><strong>VAT ID<\/strong><b><br \/>\n<\/b>DE283428529<\/p>\n<p><strong>Person responsible<\/strong><b><br \/>\n<\/b>Dr. Christian Horstmann<br \/>\nchangeforce GmbH<br \/>\nFranz-B\u00f6hm-Stra\u00dfe 3<br \/>\n40789 Monheim am Rhein<br \/>\nGermany<\/p>\n<p><strong>Web design<\/strong><br \/>\n<a href=\"http:\/\/dandydesign.de\">dandydesign.de<\/a>[\/vc_column_text][\/vc_column][vc_column width=&#8221;1\/2&#8243;][\/vc_column][\/vc_row]<\/p>\n","protected":false},"excerpt":{"rendered":"<p>[vc_row][vc_column width=&#8221;1\/2&#8243;][vc_column_text]Legal notice changeforce GmbH Franz-B\u00f6hm-Stra\u00dfe 3 40789 Monheim am Rhein Germany Head office +49 15222623562 E-mail info@change-force.de Managing director Dr. Christian Horstmann District Court Amtsgericht K\u00f6ln VAT ID DE283428529 Person responsible Dr. Christian Horstmann changeforce GmbH Franz-B\u00f6hm-Stra\u00dfe 3 40789 Monheim am Rhein Germany Web design dandydesign.de[\/vc_column_text][\/vc_column][vc_column width=&#8221;1\/2&#8243;][\/vc_column][\/vc_row]<\/p>\n","protected":false},"author":2,"featured_media":0,"parent":0,"menu_order":0,"comment_status":"closed","ping_status":"closed","template":"","meta":{"footnotes":""},"class_list":["post-287","page","type-page","status-publish","hentry"],"yoast_head":"<!-- This site is optimized with the Yoast SEO plugin v20.13 - https:\/\/yoast.com\/wordpress\/plugins\/seo\/ -->\n<title>Imprint - Strategy and Leadership<\/title>\n<meta name=\"robots\" content=\"index, follow, max-snippet:-1, max-image-preview:large, max-video-preview:-1\" \/>\n<link rel=\"canonical\" href=\"https:\/\/change-force.de\/en\/imprint\/\" \/>\n<meta property=\"og:locale\" content=\"en_US\" \/>\n<meta property=\"og:type\" content=\"article\" \/>\n<meta property=\"og:title\" content=\"Imprint - Strategy and Leadership\" \/>\n<meta property=\"og:description\" content=\"[vc_row][vc_column width=&#8221;1\/2&#8243;][vc_column_text]Legal notice changeforce GmbH Franz-B\u00f6hm-Stra\u00dfe 3 40789 Monheim am Rhein Germany Head office +49 15222623562 E-mail info@change-force.de Managing director Dr. Christian Horstmann District Court Amtsgericht K\u00f6ln VAT ID DE283428529 Person responsible Dr. Christian Horstmann changeforce GmbH Franz-B\u00f6hm-Stra\u00dfe 3 40789 Monheim am Rhein Germany Web design dandydesign.de[\/vc_column_text][\/vc_column][vc_column width=&#8221;1\/2&#8243;][\/vc_column][\/vc_row]\" \/>\n<meta property=\"og:url\" content=\"https:\/\/change-force.de\/en\/imprint\/\" \/>\n<meta property=\"og:site_name\" content=\"Strategy and Leadership\" \/>\n<meta property=\"article:modified_time\" content=\"2022-10-25T17:16:57+00:00\" \/>\n<meta name=\"twitter:card\" content=\"summary_large_image\" \/>\n<meta name=\"twitter:label1\" content=\"Est. reading time\" \/>\n\t<meta name=\"twitter:data1\" content=\"1 minute\" \/>\n<script type=\"application\/ld+json\" class=\"yoast-schema-graph\">{\"@context\":\"https:\/\/schema.org\",\"@graph\":[{\"@type\":\"WebPage\",\"@id\":\"https:\/\/change-force.de\/en\/imprint\/\",\"url\":\"https:\/\/change-force.de\/en\/imprint\/\",\"name\":\"Imprint - Strategy and Leadership\",\"isPartOf\":{\"@id\":\"https:\/\/change-force.de\/#website\"},\"datePublished\":\"2022-09-26T18:20:03+00:00\",\"dateModified\":\"2022-10-25T17:16:57+00:00\",\"breadcrumb\":{\"@id\":\"https:\/\/change-force.de\/en\/imprint\/#breadcrumb\"},\"inLanguage\":\"en-US\",\"potentialAction\":[{\"@type\":\"ReadAction\",\"target\":[\"https:\/\/change-force.de\/en\/imprint\/\"]}]},{\"@type\":\"BreadcrumbList\",\"@id\":\"https:\/\/change-force.de\/en\/imprint\/#breadcrumb\",\"itemListElement\":[{\"@type\":\"ListItem\",\"position\":1,\"name\":\"Home\",\"item\":\"https:\/\/change-force.de\/\"},{\"@type\":\"ListItem\",\"position\":2,\"name\":\"Imprint\"}]},{\"@type\":\"WebSite\",\"@id\":\"https:\/\/change-force.de\/#website\",\"url\":\"https:\/\/change-force.de\/\",\"name\":\"Strategy and Leadership\",\"description\":\"changeforce\",\"publisher\":{\"@id\":\"https:\/\/change-force.de\/#organization\"},\"potentialAction\":[{\"@type\":\"SearchAction\",\"target\":{\"@type\":\"EntryPoint\",\"urlTemplate\":\"https:\/\/change-force.de\/?s={search_term_string}\"},\"query-input\":\"required name=search_term_string\"}],\"inLanguage\":\"en-US\"},{\"@type\":\"Organization\",\"@id\":\"https:\/\/change-force.de\/#organization\",\"name\":\"Strategy and Leadership\",\"url\":\"https:\/\/change-force.de\/\",\"logo\":{\"@type\":\"ImageObject\",\"inLanguage\":\"en-US\",\"@id\":\"https:\/\/change-force.de\/#\/schema\/logo\/image\/\",\"url\":\"https:\/\/change-force.de\/wp-content\/uploads\/2022\/09\/logo.png\",\"contentUrl\":\"https:\/\/change-force.de\/wp-content\/uploads\/2022\/09\/logo.png\",\"width\":450,\"height\":176,\"caption\":\"Strategy and Leadership\"},\"image\":{\"@id\":\"https:\/\/change-force.de\/#\/schema\/logo\/image\/\"}}]}<\/script>\n<!-- \/ Yoast SEO plugin. -->","yoast_head_json":{"title":"Imprint - Strategy and Leadership","robots":{"index":"index","follow":"follow","max-snippet":"max-snippet:-1","max-image-preview":"max-image-preview:large","max-video-preview":"max-video-preview:-1"},"canonical":"https:\/\/change-force.de\/en\/imprint\/","og_locale":"en_US","og_type":"article","og_title":"Imprint - Strategy and Leadership","og_description":"[vc_row][vc_column width=&#8221;1\/2&#8243;][vc_column_text]Legal notice changeforce GmbH Franz-B\u00f6hm-Stra\u00dfe 3 40789 Monheim am Rhein Germany Head office +49 15222623562 E-mail info@change-force.de Managing director Dr. Christian Horstmann District Court Amtsgericht K\u00f6ln VAT ID DE283428529 Person responsible Dr. Christian Horstmann changeforce GmbH Franz-B\u00f6hm-Stra\u00dfe 3 40789 Monheim am Rhein Germany Web design dandydesign.de[\/vc_column_text][\/vc_column][vc_column width=&#8221;1\/2&#8243;][\/vc_column][\/vc_row]","og_url":"https:\/\/change-force.de\/en\/imprint\/","og_site_name":"Strategy and Leadership","article_modified_time":"2022-10-25T17:16:57+00:00","twitter_card":"summary_large_image","twitter_misc":{"Est. reading time":"1 minute"},"schema":{"@context":"https:\/\/schema.org","@graph":[{"@type":"WebPage","@id":"https:\/\/change-force.de\/en\/imprint\/","url":"https:\/\/change-force.de\/en\/imprint\/","name":"Imprint - Strategy and Leadership","isPartOf":{"@id":"https:\/\/change-force.de\/#website"},"datePublished":"2022-09-26T18:20:03+00:00","dateModified":"2022-10-25T17:16:57+00:00","breadcrumb":{"@id":"https:\/\/change-force.de\/en\/imprint\/#breadcrumb"},"inLanguage":"en-US","potentialAction":[{"@type":"ReadAction","target":["https:\/\/change-force.de\/en\/imprint\/"]}]},{"@type":"BreadcrumbList","@id":"https:\/\/change-force.de\/en\/imprint\/#breadcrumb","itemListElement":[{"@type":"ListItem","position":1,"name":"Home","item":"https:\/\/change-force.de\/"},{"@type":"ListItem","position":2,"name":"Imprint"}]},{"@type":"WebSite","@id":"https:\/\/change-force.de\/#website","url":"https:\/\/change-force.de\/","name":"Strategy and Leadership","description":"changeforce","publisher":{"@id":"https:\/\/change-force.de\/#organization"},"potentialAction":[{"@type":"SearchAction","target":{"@type":"EntryPoint","urlTemplate":"https:\/\/change-force.de\/?s={search_term_string}"},"query-input":"required name=search_term_string"}],"inLanguage":"en-US"},{"@type":"Organization","@id":"https:\/\/change-force.de\/#organization","name":"Strategy and Leadership","url":"https:\/\/change-force.de\/","logo":{"@type":"ImageObject","inLanguage":"en-US","@id":"https:\/\/change-force.de\/#\/schema\/logo\/image\/","url":"https:\/\/change-force.de\/wp-content\/uploads\/2022\/09\/logo.png","contentUrl":"https:\/\/change-force.de\/wp-content\/uploads\/2022\/09\/logo.png","width":450,"height":176,"caption":"Strategy and Leadership"},"image":{"@id":"https:\/\/change-force.de\/#\/schema\/logo\/image\/"}}]}},"_links":{"self":[{"href":"https:\/\/change-force.de\/en\/wp-json\/wp\/v2\/pages\/287","targetHints":{"allow":["GET"]}}],"collection":[{"href":"https:\/\/change-force.de\/en\/wp-json\/wp\/v2\/pages"}],"about":[{"href":"https:\/\/change-force.de\/en\/wp-json\/wp\/v2\/types\/page"}],"author":[{"embeddable":true,"href":"https:\/\/change-force.de\/en\/wp-json\/wp\/v2\/users\/2"}],"replies":[{"embeddable":true,"href":"https:\/\/change-force.de\/en\/wp-json\/wp\/v2\/comments?post=287"}],"version-history":[{"count":1,"href":"https:\/\/change-force.de\/en\/wp-json\/wp\/v2\/pages\/287\/revisions"}],"predecessor-version":[{"id":294,"href":"https:\/\/change-force.de\/en\/wp-json\/wp\/v2\/pages\/287\/revisions\/294"}],"wp:attachment":[{"href":"https:\/\/change-force.de\/en\/wp-json\/wp\/v2\/media?parent=287"}],"curies":[{"name":"wp","href":"https:\/\/api.w.org\/{rel}","templated":true}]}}